{"id":920,"date":"2021-03-10T14:48:15","date_gmt":"2021-03-10T14:48:15","guid":{"rendered":"http:\/\/test.michelehaeusle.de\/?page_id=920"},"modified":"2023-03-20T09:00:05","modified_gmt":"2023-03-20T09:00:05","slug":"ferienwohnung-stubekammer","status":"publish","type":"page","link":"https:\/\/www.michelehaeusle.de\/en\/ferienwohnung-stubekammer\/","title":{"rendered":"Apartment Stubekammer"},"content":{"rendered":"\t\t<div data-elementor-type=\"wp-page\" data-elementor-id=\"920\" class=\"elementor elementor-920\">\n\t\t\t\t\t\t<section class=\"elementor-section elementor-top-section elementor-element elementor-element-5b3b9852 elementor-section-height-full animated-slow elementor-section-boxed elementor-section-height-default elementor-section-items-middle elementor-invisible\" data-id=\"5b3b9852\" data-element_type=\"section\" data-settings=\"{&quot;background_background&quot;:&quot;slideshow&quot;,&quot;animation&quot;:&quot;fadeIn&quot;,&quot;animation_delay&quot;:200,&quot;background_slideshow_gallery&quot;:[{&quot;id&quot;:1092,&quot;url&quot;:&quot;http:\\\/\\\/test.michelehaeusle.de\\\/wp-content\\\/uploads\\\/2021\\\/03\\\/stubekammer-ferienwohnung-familienferien-02.jpg&quot;},{&quot;id&quot;:1095,&quot;url&quot;:&quot;http:\\\/\\\/test.michelehaeusle.de\\\/wp-content\\\/uploads\\\/2021\\\/03\\\/stubekammer-ferienwohnung-familienferien-05.jpg&quot;},{&quot;id&quot;:1096,&quot;url&quot;:&quot;http:\\\/\\\/test.michelehaeusle.de\\\/wp-content\\\/uploads\\\/2021\\\/03\\\/stubekammer-ferienwohnung-familienferien-06.jpg&quot;}],&quot;background_slideshow_slide_duration&quot;:3000,&quot;background_slideshow_transition_duration&quot;:3000,&quot;background_slideshow_ken_burns&quot;:&quot;yes&quot;,&quot;background_slideshow_loop&quot;:&quot;yes&quot;,&quot;background_slideshow_slide_transition&quot;:&quot;fade&quot;,&quot;background_slideshow_ken_burns_zoom_direction&quot;:&quot;in&quot;}\">\n\t\t\t\t\t\t\t<div class=\"elementor-background-overlay\"><\/div>\n\t\t\t\t\t\t\t<div class=\"elementor-container elementor-column-gap-default\">\n\t\t\t\t\t<div class=\"elementor-column elementor-col-50 elementor-top-column elementor-element elementor-element-9998b6\" data-id=\"9998b6\" data-element_type=\"column\">\n\t\t\t<div class=\"elementor-widget-wrap\">\n\t\t\t\t\t\t\t<\/div>\n\t\t<\/div>\n\t\t\t\t<div class=\"elementor-column elementor-col-50 elementor-top-column elementor-element elementor-element-7634621\" data-id=\"7634621\" data-element_type=\"column\">\n\t\t\t<div class=\"elementor-widget-wrap elementor-element-populated\">\n\t\t\t\t\t\t<div class=\"elementor-element elementor-element-57f9f421 elementor-widget elementor-widget-heading\" data-id=\"57f9f421\" data-element_type=\"widget\" data-widget_type=\"heading.default\">\n\t\t\t\t<div class=\"elementor-widget-container\">\n\t\t\t<h2 class=\"elementor-heading-title elementor-size-default\">FERIENWOHNUNG <br>stubekammer<\/h2>\t\t<\/div>\n\t\t\t\t<\/div>\n\t\t\t\t\t<\/div>\n\t\t<\/div>\n\t\t\t\t\t<\/div>\n\t\t<\/section>\n\t\t\t\t<section class=\"elementor-section elementor-inner-section elementor-element elementor-element-522cad71 elementor-section-boxed elementor-section-height-default elementor-section-height-default\" data-id=\"522cad71\" data-element_type=\"section\">\n\t\t\t\t\t\t<div class=\"elementor-container elementor-column-gap-default\">\n\t\t\t\t\t<div class=\"elementor-column elementor-col-100 elementor-inner-column elementor-element elementor-element-1edd5ad8\" data-id=\"1edd5ad8\" data-element_type=\"column\" data-settings=\"{&quot;background_background&quot;:&quot;classic&quot;}\">\n\t\t\t<div class=\"elementor-widget-wrap elementor-element-populated\">\n\t\t\t\t\t\t<div class=\"elementor-element elementor-element-8f199bc elementor-widget elementor-widget-heading\" data-id=\"8f199bc\" data-element_type=\"widget\" data-settings=\"{&quot;_animation&quot;:&quot;none&quot;}\" data-widget_type=\"heading.default\">\n\t\t\t\t<div class=\"elementor-widget-container\">\n\t\t\t<h2 class=\"elementor-heading-title elementor-size-default\"><br><br>AUSSTATTUNG<\/h2>\t\t<\/div>\n\t\t\t\t<\/div>\n\t\t\t\t<div class=\"elementor-element elementor-element-6c39ad65 elementor-widget-divider--view-line elementor-widget elementor-widget-divider\" data-id=\"6c39ad65\" data-element_type=\"widget\" data-settings=\"{&quot;_animation&quot;:&quot;none&quot;}\" data-widget_type=\"divider.default\">\n\t\t\t\t<div class=\"elementor-widget-container\">\n\t\t\t\t\t<div class=\"elementor-divider\">\n\t\t\t<span class=\"elementor-divider-separator\">\n\t\t\t\t\t\t<\/span>\n\t\t<\/div>\n\t\t\t\t<\/div>\n\t\t\t\t<\/div>\n\t\t\t\t<div class=\"elementor-element elementor-element-1c574c9d elementor-widget elementor-widget-text-editor\" data-id=\"1c574c9d\" data-element_type=\"widget\" data-widget_type=\"text-editor.default\">\n\t\t\t\t<div class=\"elementor-widget-container\">\n\t\t\t\t\t\t\t<ul><li>Ferienwohnung mit ca. 70 qm<\/li><li>1. Obergeschoss<\/li><li>f\u00fcr bis 4 Personen, Zustellbett m\u00f6glich<\/li><li>keine Teppichb\u00f6den<\/li><li>1 Schlafzimmer mit Doppelbett<\/li><li>1 Kinderzimmer mit Etagenbett und R\u00e4uberh\u00f6hle<\/li><li>K\u00fcche mit Wohn- und Essbereich<\/li><li>Couch mit Flachbild-TV im Wohnbereich<\/li><li>beheizte Steinofenbank<\/li><li>K\u00fcche mit Sp\u00fclmaschine und Backofen<\/li><li>Bad mit Dusche und WC<\/li><li>Balkon mit Sitzgelegenheit<\/li><li>WLAN inklusive<\/li><\/ul>\t\t\t\t\t\t<\/div>\n\t\t\t\t<\/div>\n\t\t\t\t\t<\/div>\n\t\t<\/div>\n\t\t\t\t\t<\/div>\n\t\t<\/section>\n\t\t\t\t<section class=\"elementor-section elementor-top-section elementor-element elementor-element-3e35db04 elementor-section-boxed elementor-section-height-default elementor-section-height-default\" data-id=\"3e35db04\" data-element_type=\"section\">\n\t\t\t\t\t\t<div class=\"elementor-container elementor-column-gap-default\">\n\t\t\t\t\t<div class=\"elementor-column elementor-col-100 elementor-top-column elementor-element elementor-element-79369e4\" data-id=\"79369e4\" data-element_type=\"column\">\n\t\t\t<div class=\"elementor-widget-wrap elementor-element-populated\">\n\t\t\t\t\t\t<div class=\"elementor-element elementor-element-474024ed gallery-spacing-custom elementor-widget elementor-widget-image-gallery\" data-id=\"474024ed\" data-element_type=\"widget\" data-widget_type=\"image-gallery.default\">\n\t\t\t\t<div class=\"elementor-widget-container\">\n\t\t\t\t\t<div class=\"elementor-image-gallery\">\n\t\t\t<div id='gallery-1' class='gallery galleryid-920 gallery-columns-3 gallery-size-medium_large'><figure class='gallery-item'>\n\t\t\t<div class='gallery-icon landscape'>\n\t\t\t\t<a data-elementor-open-lightbox=\"yes\" data-elementor-lightbox-slideshow=\"474024ed\" data-elementor-lightbox-title=\"Wohn-\/Essbereich\" data-e-action-hash=\"#elementor-action%3Aaction%3Dlightbox%26settings%3DeyJpZCI6MTA5MSwidXJsIjoiaHR0cHM6XC9cL3d3dy5taWNoZWxlaGFldXNsZS5kZVwvd3AtY29udGVudFwvdXBsb2Fkc1wvMjAyMVwvMDNcL3N0dWJla2FtbWVyLWZlcmllbndvaG51bmctZmFtaWxpZW5mZXJpZW4tMDEuanBnIiwic2xpZGVzaG93IjoiNDc0MDI0ZWQifQ%3D%3D\" href='https:\/\/www.michelehaeusle.de\/wp-content\/uploads\/2021\/03\/stubekammer-ferienwohnung-familienferien-01.jpg'><img fetchpriority=\"high\" width=\"768\" height=\"512\" src=\"https:\/\/www.michelehaeusle.de\/wp-content\/uploads\/2021\/03\/stubekammer-ferienwohnung-familienferien-01-768x512.jpg\" class=\"attachment-medium_large size-medium_large\" alt=\"\" srcset=\"https:\/\/www.michelehaeusle.de\/wp-content\/uploads\/2021\/03\/stubekammer-ferienwohnung-familienferien-01-768x512.jpg 768w, https:\/\/www.michelehaeusle.de\/wp-content\/uploads\/2021\/03\/stubekammer-ferienwohnung-familienferien-01-300x200.jpg 300w, https:\/\/www.michelehaeusle.de\/wp-content\/uploads\/2021\/03\/stubekammer-ferienwohnung-familienferien-01-1024x683.jpg 1024w, https:\/\/www.michelehaeusle.de\/wp-content\/uploads\/2021\/03\/stubekammer-ferienwohnung-familienferien-01-1536x1024.jpg 1536w, https:\/\/www.michelehaeusle.de\/wp-content\/uploads\/2021\/03\/stubekammer-ferienwohnung-familienferien-01-2048x1365.jpg 2048w\" sizes=\"(max-width: 768px) 100vw, 768px\" \/><\/a>\n\t\t\t<\/div><\/figure><figure class='gallery-item'>\n\t\t\t<div class='gallery-icon landscape'>\n\t\t\t\t<a data-elementor-open-lightbox=\"yes\" data-elementor-lightbox-slideshow=\"474024ed\" data-elementor-lightbox-title=\"Schlafzimmer\" data-e-action-hash=\"#elementor-action%3Aaction%3Dlightbox%26settings%3DeyJpZCI6MTA5MiwidXJsIjoiaHR0cHM6XC9cL3d3dy5taWNoZWxlaGFldXNsZS5kZVwvd3AtY29udGVudFwvdXBsb2Fkc1wvMjAyMVwvMDNcL3N0dWJla2FtbWVyLWZlcmllbndvaG51bmctZmFtaWxpZW5mZXJpZW4tMDIuanBnIiwic2xpZGVzaG93IjoiNDc0MDI0ZWQifQ%3D%3D\" href='https:\/\/www.michelehaeusle.de\/wp-content\/uploads\/2021\/03\/stubekammer-ferienwohnung-familienferien-02.jpg'><img width=\"768\" height=\"512\" src=\"https:\/\/www.michelehaeusle.de\/wp-content\/uploads\/2021\/03\/stubekammer-ferienwohnung-familienferien-02-768x512.jpg\" class=\"attachment-medium_large size-medium_large\" alt=\"\" srcset=\"https:\/\/www.michelehaeusle.de\/wp-content\/uploads\/2021\/03\/stubekammer-ferienwohnung-familienferien-02-768x512.jpg 768w, https:\/\/www.michelehaeusle.de\/wp-content\/uploads\/2021\/03\/stubekammer-ferienwohnung-familienferien-02-300x200.jpg 300w, https:\/\/www.michelehaeusle.de\/wp-content\/uploads\/2021\/03\/stubekammer-ferienwohnung-familienferien-02-1024x683.jpg 1024w, https:\/\/www.michelehaeusle.de\/wp-content\/uploads\/2021\/03\/stubekammer-ferienwohnung-familienferien-02-1536x1024.jpg 1536w, https:\/\/www.michelehaeusle.de\/wp-content\/uploads\/2021\/03\/stubekammer-ferienwohnung-familienferien-02-2048x1365.jpg 2048w\" sizes=\"(max-width: 768px) 100vw, 768px\" \/><\/a>\n\t\t\t<\/div><\/figure><figure class='gallery-item'>\n\t\t\t<div class='gallery-icon landscape'>\n\t\t\t\t<a data-elementor-open-lightbox=\"yes\" data-elementor-lightbox-slideshow=\"474024ed\" data-elementor-lightbox-title=\"Badezimmer\" data-e-action-hash=\"#elementor-action%3Aaction%3Dlightbox%26settings%3DeyJpZCI6MTA5MywidXJsIjoiaHR0cHM6XC9cL3d3dy5taWNoZWxlaGFldXNsZS5kZVwvd3AtY29udGVudFwvdXBsb2Fkc1wvMjAyMVwvMDNcL3N0dWJla2FtbWVyLWZlcmllbndvaG51bmctZmFtaWxpZW5mZXJpZW4tMDMuanBnIiwic2xpZGVzaG93IjoiNDc0MDI0ZWQifQ%3D%3D\" href='https:\/\/www.michelehaeusle.de\/wp-content\/uploads\/2021\/03\/stubekammer-ferienwohnung-familienferien-03.jpg'><img width=\"768\" height=\"512\" src=\"https:\/\/www.michelehaeusle.de\/wp-content\/uploads\/2021\/03\/stubekammer-ferienwohnung-familienferien-03-768x512.jpg\" class=\"attachment-medium_large size-medium_large\" alt=\"\" srcset=\"https:\/\/www.michelehaeusle.de\/wp-content\/uploads\/2021\/03\/stubekammer-ferienwohnung-familienferien-03-768x512.jpg 768w, https:\/\/www.michelehaeusle.de\/wp-content\/uploads\/2021\/03\/stubekammer-ferienwohnung-familienferien-03-300x200.jpg 300w, https:\/\/www.michelehaeusle.de\/wp-content\/uploads\/2021\/03\/stubekammer-ferienwohnung-familienferien-03-1024x683.jpg 1024w, https:\/\/www.michelehaeusle.de\/wp-content\/uploads\/2021\/03\/stubekammer-ferienwohnung-familienferien-03-1536x1024.jpg 1536w, https:\/\/www.michelehaeusle.de\/wp-content\/uploads\/2021\/03\/stubekammer-ferienwohnung-familienferien-03-2048x1365.jpg 2048w\" sizes=\"(max-width: 768px) 100vw, 768px\" \/><\/a>\n\t\t\t<\/div><\/figure><figure class='gallery-item'>\n\t\t\t<div class='gallery-icon landscape'>\n\t\t\t\t<a data-elementor-open-lightbox=\"yes\" data-elementor-lightbox-slideshow=\"474024ed\" data-elementor-lightbox-title=\"Kinderzimmer\" data-e-action-hash=\"#elementor-action%3Aaction%3Dlightbox%26settings%3DeyJpZCI6MTA5NCwidXJsIjoiaHR0cHM6XC9cL3d3dy5taWNoZWxlaGFldXNsZS5kZVwvd3AtY29udGVudFwvdXBsb2Fkc1wvMjAyMVwvMDNcL3N0dWJla2FtbWVyLWZlcmllbndvaG51bmctZmFtaWxpZW5mZXJpZW4tMDQuanBnIiwic2xpZGVzaG93IjoiNDc0MDI0ZWQifQ%3D%3D\" href='https:\/\/www.michelehaeusle.de\/wp-content\/uploads\/2021\/03\/stubekammer-ferienwohnung-familienferien-04.jpg'><img loading=\"lazy\" width=\"768\" height=\"512\" src=\"https:\/\/www.michelehaeusle.de\/wp-content\/uploads\/2021\/03\/stubekammer-ferienwohnung-familienferien-04-768x512.jpg\" class=\"attachment-medium_large size-medium_large\" alt=\"\" srcset=\"https:\/\/www.michelehaeusle.de\/wp-content\/uploads\/2021\/03\/stubekammer-ferienwohnung-familienferien-04-768x512.jpg 768w, https:\/\/www.michelehaeusle.de\/wp-content\/uploads\/2021\/03\/stubekammer-ferienwohnung-familienferien-04-300x200.jpg 300w, https:\/\/www.michelehaeusle.de\/wp-content\/uploads\/2021\/03\/stubekammer-ferienwohnung-familienferien-04-1024x683.jpg 1024w, https:\/\/www.michelehaeusle.de\/wp-content\/uploads\/2021\/03\/stubekammer-ferienwohnung-familienferien-04-1536x1024.jpg 1536w, https:\/\/www.michelehaeusle.de\/wp-content\/uploads\/2021\/03\/stubekammer-ferienwohnung-familienferien-04-2048x1365.jpg 2048w\" sizes=\"(max-width: 768px) 100vw, 768px\" \/><\/a>\n\t\t\t<\/div><\/figure><figure class='gallery-item'>\n\t\t\t<div class='gallery-icon landscape'>\n\t\t\t\t<a data-elementor-open-lightbox=\"yes\" data-elementor-lightbox-slideshow=\"474024ed\" data-elementor-lightbox-title=\"K\u00fcche\" data-e-action-hash=\"#elementor-action%3Aaction%3Dlightbox%26settings%3DeyJpZCI6MTA5NSwidXJsIjoiaHR0cHM6XC9cL3d3dy5taWNoZWxlaGFldXNsZS5kZVwvd3AtY29udGVudFwvdXBsb2Fkc1wvMjAyMVwvMDNcL3N0dWJla2FtbWVyLWZlcmllbndvaG51bmctZmFtaWxpZW5mZXJpZW4tMDUuanBnIiwic2xpZGVzaG93IjoiNDc0MDI0ZWQifQ%3D%3D\" href='https:\/\/www.michelehaeusle.de\/wp-content\/uploads\/2021\/03\/stubekammer-ferienwohnung-familienferien-05.jpg'><img loading=\"lazy\" width=\"768\" height=\"512\" src=\"https:\/\/www.michelehaeusle.de\/wp-content\/uploads\/2021\/03\/stubekammer-ferienwohnung-familienferien-05-768x512.jpg\" class=\"attachment-medium_large size-medium_large\" alt=\"\" srcset=\"https:\/\/www.michelehaeusle.de\/wp-content\/uploads\/2021\/03\/stubekammer-ferienwohnung-familienferien-05-768x512.jpg 768w, https:\/\/www.michelehaeusle.de\/wp-content\/uploads\/2021\/03\/stubekammer-ferienwohnung-familienferien-05-300x200.jpg 300w, https:\/\/www.michelehaeusle.de\/wp-content\/uploads\/2021\/03\/stubekammer-ferienwohnung-familienferien-05-1024x683.jpg 1024w, https:\/\/www.michelehaeusle.de\/wp-content\/uploads\/2021\/03\/stubekammer-ferienwohnung-familienferien-05-1536x1024.jpg 1536w, https:\/\/www.michelehaeusle.de\/wp-content\/uploads\/2021\/03\/stubekammer-ferienwohnung-familienferien-05-2048x1365.jpg 2048w\" sizes=\"(max-width: 768px) 100vw, 768px\" \/><\/a>\n\t\t\t<\/div><\/figure><figure class='gallery-item'>\n\t\t\t<div class='gallery-icon landscape'>\n\t\t\t\t<a data-elementor-open-lightbox=\"yes\" data-elementor-lightbox-slideshow=\"474024ed\" data-elementor-lightbox-title=\"Essbereich\" data-e-action-hash=\"#elementor-action%3Aaction%3Dlightbox%26settings%3DeyJpZCI6MTA5NiwidXJsIjoiaHR0cHM6XC9cL3d3dy5taWNoZWxlaGFldXNsZS5kZVwvd3AtY29udGVudFwvdXBsb2Fkc1wvMjAyMVwvMDNcL3N0dWJla2FtbWVyLWZlcmllbndvaG51bmctZmFtaWxpZW5mZXJpZW4tMDYuanBnIiwic2xpZGVzaG93IjoiNDc0MDI0ZWQifQ%3D%3D\" href='https:\/\/www.michelehaeusle.de\/wp-content\/uploads\/2021\/03\/stubekammer-ferienwohnung-familienferien-06.jpg'><img loading=\"lazy\" width=\"768\" height=\"512\" src=\"https:\/\/www.michelehaeusle.de\/wp-content\/uploads\/2021\/03\/stubekammer-ferienwohnung-familienferien-06-768x512.jpg\" class=\"attachment-medium_large size-medium_large\" alt=\"\" srcset=\"https:\/\/www.michelehaeusle.de\/wp-content\/uploads\/2021\/03\/stubekammer-ferienwohnung-familienferien-06-768x512.jpg 768w, https:\/\/www.michelehaeusle.de\/wp-content\/uploads\/2021\/03\/stubekammer-ferienwohnung-familienferien-06-300x200.jpg 300w, https:\/\/www.michelehaeusle.de\/wp-content\/uploads\/2021\/03\/stubekammer-ferienwohnung-familienferien-06-1024x683.jpg 1024w, https:\/\/www.michelehaeusle.de\/wp-content\/uploads\/2021\/03\/stubekammer-ferienwohnung-familienferien-06-1536x1024.jpg 1536w, https:\/\/www.michelehaeusle.de\/wp-content\/uploads\/2021\/03\/stubekammer-ferienwohnung-familienferien-06-2048x1365.jpg 2048w\" sizes=\"(max-width: 768px) 100vw, 768px\" \/><\/a>\n\t\t\t<\/div><\/figure>\n\t\t<\/div>\n\t\t<\/div>\n\t\t\t\t<\/div>\n\t\t\t\t<\/div>\n\t\t\t\t\t<\/div>\n\t\t<\/div>\n\t\t\t\t\t<\/div>\n\t\t<\/section>\n\t\t\t\t<section class=\"elementor-section elementor-top-section elementor-element elementor-element-5ac2720 elementor-section-boxed elementor-section-height-default elementor-section-height-default\" data-id=\"5ac2720\" data-element_type=\"section\">\n\t\t\t\t\t\t<div class=\"elementor-container elementor-column-gap-default\">\n\t\t\t\t\t<div class=\"elementor-column elementor-col-100 elementor-top-column elementor-element elementor-element-66412bc\" data-id=\"66412bc\" data-element_type=\"column\" data-settings=\"{&quot;background_background&quot;:&quot;classic&quot;}\">\n\t\t\t<div class=\"elementor-widget-wrap elementor-element-populated\">\n\t\t\t\t\t\t<div class=\"elementor-element elementor-element-0a69871 elementor-widget elementor-widget-video\" data-id=\"0a69871\" data-element_type=\"widget\" data-settings=\"{&quot;youtube_url&quot;:&quot;https:\\\/\\\/youtu.be\\\/uxQbpmTdo7k&quot;,&quot;video_type&quot;:&quot;youtube&quot;,&quot;controls&quot;:&quot;yes&quot;}\" data-widget_type=\"video.default\">\n\t\t\t\t<div class=\"elementor-widget-container\">\n\t\t\t\t\t<div class=\"elementor-wrapper elementor-open-inline\">\n\t\t\t<div class=\"elementor-video\"><\/div>\t\t<\/div>\n\t\t\t\t<\/div>\n\t\t\t\t<\/div>\n\t\t\t\t\t<\/div>\n\t\t<\/div>\n\t\t\t\t\t<\/div>\n\t\t<\/section>\n\t\t\t\t<\/div>\n\t\t","protected":false},"excerpt":{"rendered":"<p>FERIENWOHNUNG stubekammer AUSSTATTUNG Ferienwohnung mit ca. 70 qm 1. Obergeschoss f\u00fcr bis 4 Personen, Zustellbett m\u00f6glich keine Teppichb\u00f6den 1 Schlafzimmer mit Doppelbett 1 Kinderzimmer mit Etagenbett und R\u00e4uberh\u00f6hle K\u00fcche mit Wohn- und Essbereich Couch mit Flachbild-TV im Wohnbereich beheizte Steinofenbank K\u00fcche mit Sp\u00fclmaschine und Backofen Bad mit Dusche und WC Balkon mit Sitzgelegenheit WLAN inklusive<\/p>","protected":false},"author":1,"featured_media":0,"parent":0,"menu_order":0,"comment_status":"closed","ping_status":"closed","template":"","meta":{"ocean_post_layout":"full-screen","ocean_both_sidebars_style":"","ocean_both_sidebars_content_width":0,"ocean_both_sidebars_sidebars_width":0,"ocean_sidebar":"0","ocean_second_sidebar":"0","ocean_disable_margins":"on","ocean_add_body_class":"","ocean_shortcode_before_top_bar":"","ocean_shortcode_after_top_bar":"","ocean_shortcode_before_header":"","ocean_shortcode_after_header":"","ocean_has_shortcode":"","ocean_shortcode_after_title":"","ocean_shortcode_before_footer_widgets":"","ocean_shortcode_after_footer_widgets":"","ocean_shortcode_before_footer_bottom":"","ocean_shortcode_after_footer_bottom":"","ocean_display_top_bar":"default","ocean_display_header":"default","ocean_header_style":"","ocean_center_header_left_menu":"0","ocean_custom_header_template":"0","ocean_custom_logo":0,"ocean_custom_retina_logo":0,"ocean_custom_logo_max_width":0,"ocean_custom_logo_tablet_max_width":0,"ocean_custom_logo_mobile_max_width":0,"ocean_custom_logo_max_height":0,"ocean_custom_logo_tablet_max_height":0,"ocean_custom_logo_mobile_max_height":0,"ocean_header_custom_menu":"0","ocean_menu_typo_font_family":"0","ocean_menu_typo_font_subset":"","ocean_menu_typo_font_size":0,"ocean_menu_typo_font_size_tablet":0,"ocean_menu_typo_font_size_mobile":0,"ocean_menu_typo_font_size_unit":"px","ocean_menu_typo_font_weight":"","ocean_menu_typo_font_weight_tablet":"","ocean_menu_typo_font_weight_mobile":"","ocean_menu_typo_transform":"","ocean_menu_typo_transform_tablet":"","ocean_menu_typo_transform_mobile":"","ocean_menu_typo_line_height":0,"ocean_menu_typo_line_height_tablet":0,"ocean_menu_typo_line_height_mobile":0,"ocean_menu_typo_line_height_unit":"","ocean_menu_typo_spacing":0,"ocean_menu_typo_spacing_tablet":0,"ocean_menu_typo_spacing_mobile":0,"ocean_menu_typo_spacing_unit":"","ocean_menu_link_color":"","ocean_menu_link_color_hover":"","ocean_menu_link_color_active":"","ocean_menu_link_background":"","ocean_menu_link_hover_background":"","ocean_menu_link_active_background":"","ocean_menu_social_links_bg":"","ocean_menu_social_hover_links_bg":"","ocean_menu_social_links_color":"","ocean_menu_social_hover_links_color":"","ocean_disable_title":"on","ocean_disable_heading":"default","ocean_post_title":"","ocean_post_subheading":"","ocean_post_title_style":"","ocean_post_title_background_color":"","ocean_post_title_background":0,"ocean_post_title_bg_image_position":"","ocean_post_title_bg_image_attachment":"","ocean_post_title_bg_image_repeat":"","ocean_post_title_bg_image_size":"","ocean_post_title_height":0,"ocean_post_title_bg_overlay":0.5,"ocean_post_title_bg_overlay_color":"","ocean_disable_breadcrumbs":"default","ocean_breadcrumbs_color":"","ocean_breadcrumbs_separator_color":"","ocean_breadcrumbs_links_color":"","ocean_breadcrumbs_links_hover_color":"","ocean_display_footer_widgets":"default","ocean_display_footer_bottom":"default","ocean_custom_footer_template":"0"},"_links":{"self":[{"href":"https:\/\/www.michelehaeusle.de\/en\/wp-json\/wp\/v2\/pages\/920"}],"collection":[{"href":"https:\/\/www.michelehaeusle.de\/en\/wp-json\/wp\/v2\/pages"}],"about":[{"href":"https:\/\/www.michelehaeusle.de\/en\/wp-json\/wp\/v2\/types\/page"}],"author":[{"embeddable":true,"href":"https:\/\/www.michelehaeusle.de\/en\/wp-json\/wp\/v2\/users\/1"}],"replies":[{"embeddable":true,"href":"https:\/\/www.michelehaeusle.de\/en\/wp-json\/wp\/v2\/comments?post=920"}],"version-history":[{"count":40,"href":"https:\/\/www.michelehaeusle.de\/en\/wp-json\/wp\/v2\/pages\/920\/revisions"}],"predecessor-version":[{"id":1899,"href":"https:\/\/www.michelehaeusle.de\/en\/wp-json\/wp\/v2\/pages\/920\/revisions\/1899"}],"wp:attachment":[{"href":"https:\/\/www.michelehaeusle.de\/en\/wp-json\/wp\/v2\/media?parent=920"}],"curies":[{"name":"wp","href":"https:\/\/api.w.org\/{rel}","templated":true}]}}