{"id":911,"date":"2021-03-10T14:46:26","date_gmt":"2021-03-10T14:46:26","guid":{"rendered":"http:\/\/test.michelehaeusle.de\/?page_id=911"},"modified":"2023-03-20T09:14:34","modified_gmt":"2023-03-20T09:14:34","slug":"ferienwohnung-zirbenstueble","status":"publish","type":"page","link":"https:\/\/www.michelehaeusle.de\/en\/ferienwohnung-zirbenstueble\/","title":{"rendered":"Ferienwohnung Zirbenst\u00fcble"},"content":{"rendered":"\t\t<div data-elementor-type=\"wp-page\" data-elementor-id=\"911\" class=\"elementor elementor-911\">\n\t\t\t\t\t\t<section class=\"elementor-section elementor-top-section elementor-element elementor-element-422ffedf elementor-section-height-full animated-slow elementor-section-boxed elementor-section-height-default elementor-section-items-middle elementor-invisible\" data-id=\"422ffedf\" data-element_type=\"section\" data-settings=\"{&quot;background_background&quot;:&quot;slideshow&quot;,&quot;animation&quot;:&quot;fadeIn&quot;,&quot;animation_delay&quot;:200,&quot;background_slideshow_gallery&quot;:[{&quot;id&quot;:1906,&quot;url&quot;:&quot;https:\\\/\\\/www.michelehaeusle.de\\\/wp-content\\\/uploads\\\/2023\\\/03\\\/zirbenstueble-ferienwohnung-familienferien-02.jpg&quot;},{&quot;id&quot;:1907,&quot;url&quot;:&quot;https:\\\/\\\/www.michelehaeusle.de\\\/wp-content\\\/uploads\\\/2023\\\/03\\\/zirbenstueble-ferienwohnung-familienferien-04.jpg&quot;},{&quot;id&quot;:1908,&quot;url&quot;:&quot;https:\\\/\\\/www.michelehaeusle.de\\\/wp-content\\\/uploads\\\/2023\\\/03\\\/zirbenstueble-ferienwohnung-familienferien-05.jpg&quot;}],&quot;background_slideshow_slide_duration&quot;:3000,&quot;background_slideshow_transition_duration&quot;:3000,&quot;background_slideshow_ken_burns&quot;:&quot;yes&quot;,&quot;background_slideshow_loop&quot;:&quot;yes&quot;,&quot;background_slideshow_slide_transition&quot;:&quot;fade&quot;,&quot;background_slideshow_ken_burns_zoom_direction&quot;:&quot;in&quot;}\">\n\t\t\t\t\t\t\t<div class=\"elementor-background-overlay\"><\/div>\n\t\t\t\t\t\t\t<div class=\"elementor-container elementor-column-gap-default\">\n\t\t\t\t\t<div class=\"elementor-column elementor-col-50 elementor-top-column elementor-element elementor-element-4ebbeade\" data-id=\"4ebbeade\" data-element_type=\"column\">\n\t\t\t<div class=\"elementor-widget-wrap\">\n\t\t\t\t\t\t\t<\/div>\n\t\t<\/div>\n\t\t\t\t<div class=\"elementor-column elementor-col-50 elementor-top-column elementor-element elementor-element-153cb67b\" data-id=\"153cb67b\" data-element_type=\"column\">\n\t\t\t<div class=\"elementor-widget-wrap elementor-element-populated\">\n\t\t\t\t\t\t<div class=\"elementor-element elementor-element-3e2efcc elementor-widget elementor-widget-heading\" data-id=\"3e2efcc\" data-element_type=\"widget\" data-widget_type=\"heading.default\">\n\t\t\t\t<div class=\"elementor-widget-container\">\n\t\t\t<h2 class=\"elementor-heading-title elementor-size-default\">FERIENWOHNUNG <br>ZIRBENST\u00dcBLE<\/h2>\t\t<\/div>\n\t\t\t\t<\/div>\n\t\t\t\t\t<\/div>\n\t\t<\/div>\n\t\t\t\t\t<\/div>\n\t\t<\/section>\n\t\t\t\t<section class=\"elementor-section elementor-inner-section elementor-element elementor-element-40420023 elementor-section-boxed elementor-section-height-default elementor-section-height-default\" data-id=\"40420023\" data-element_type=\"section\">\n\t\t\t\t\t\t<div class=\"elementor-container elementor-column-gap-default\">\n\t\t\t\t\t<div class=\"elementor-column elementor-col-100 elementor-inner-column elementor-element elementor-element-7c3ee7b8\" data-id=\"7c3ee7b8\" data-element_type=\"column\" data-settings=\"{&quot;background_background&quot;:&quot;classic&quot;}\">\n\t\t\t<div class=\"elementor-widget-wrap elementor-element-populated\">\n\t\t\t\t\t\t<div class=\"elementor-element elementor-element-32f9841a elementor-widget elementor-widget-heading\" data-id=\"32f9841a\" data-element_type=\"widget\" data-settings=\"{&quot;_animation&quot;:&quot;none&quot;}\" data-widget_type=\"heading.default\">\n\t\t\t\t<div class=\"elementor-widget-container\">\n\t\t\t<h2 class=\"elementor-heading-title elementor-size-default\"><br><br>AUSSTATTUNG<\/h2>\t\t<\/div>\n\t\t\t\t<\/div>\n\t\t\t\t<div class=\"elementor-element elementor-element-3279aef4 elementor-widget-divider--view-line elementor-widget elementor-widget-divider\" data-id=\"3279aef4\" data-element_type=\"widget\" data-settings=\"{&quot;_animation&quot;:&quot;none&quot;}\" data-widget_type=\"divider.default\">\n\t\t\t\t<div class=\"elementor-widget-container\">\n\t\t\t\t\t<div class=\"elementor-divider\">\n\t\t\t<span class=\"elementor-divider-separator\">\n\t\t\t\t\t\t<\/span>\n\t\t<\/div>\n\t\t\t\t<\/div>\n\t\t\t\t<\/div>\n\t\t\t\t<div class=\"elementor-element elementor-element-50e935a5 elementor-widget elementor-widget-text-editor\" data-id=\"50e935a5\" data-element_type=\"widget\" data-widget_type=\"text-editor.default\">\n\t\t\t\t<div class=\"elementor-widget-container\">\n\t\t\t\t\t\t\t<ul><li>Ferienwohnung mit ca. 50 qm<\/li><li>1. Obergeschoss<\/li><li>f\u00fcr bis 4 Personen<\/li><li>Schlafzimmer mit Doppelbett<\/li><li>Kinderzimmer mit Etagenbett<\/li><li>K\u00fcche mit Wohn- und Essbereich<\/li><li>Couch mit Flachbild-TV im Wohnbereich<\/li><li>K\u00fcche mit Sp\u00fclmaschine und Backofen<\/li><li>Bad mit Dusche und WC<\/li><li>WLAN inklusive<\/li><\/ul>\t\t\t\t\t\t<\/div>\n\t\t\t\t<\/div>\n\t\t\t\t\t<\/div>\n\t\t<\/div>\n\t\t\t\t\t<\/div>\n\t\t<\/section>\n\t\t\t\t<section class=\"elementor-section elementor-top-section elementor-element elementor-element-3302658a elementor-section-boxed elementor-section-height-default elementor-section-height-default\" data-id=\"3302658a\" data-element_type=\"section\">\n\t\t\t\t\t\t<div class=\"elementor-container elementor-column-gap-default\">\n\t\t\t\t\t<div class=\"elementor-column elementor-col-100 elementor-top-column elementor-element elementor-element-3d6dc052\" data-id=\"3d6dc052\" data-element_type=\"column\">\n\t\t\t<div class=\"elementor-widget-wrap elementor-element-populated\">\n\t\t\t\t\t\t<div class=\"elementor-element elementor-element-1978315e gallery-spacing-custom elementor-widget elementor-widget-image-gallery\" data-id=\"1978315e\" data-element_type=\"widget\" data-widget_type=\"image-gallery.default\">\n\t\t\t\t<div class=\"elementor-widget-container\">\n\t\t\t\t\t<div class=\"elementor-image-gallery\">\n\t\t\t<div id='gallery-1' class='gallery galleryid-911 gallery-columns-3 gallery-size-medium_large'><figure class='gallery-item'>\n\t\t\t<div class='gallery-icon landscape'>\n\t\t\t\t<a data-elementor-open-lightbox=\"yes\" data-elementor-lightbox-slideshow=\"1978315e\" data-elementor-lightbox-title=\"zirbenstueble-ferienwohnung-familienferien-01\" data-e-action-hash=\"#elementor-action%3Aaction%3Dlightbox%26settings%3DeyJpZCI6MTkwOSwidXJsIjoiaHR0cHM6XC9cL3d3dy5taWNoZWxlaGFldXNsZS5kZVwvd3AtY29udGVudFwvdXBsb2Fkc1wvMjAyM1wvMDNcL3ppcmJlbnN0dWVibGUtZmVyaWVud29obnVuZy1mYW1pbGllbmZlcmllbi0wMS5qcGciLCJzbGlkZXNob3ciOiIxOTc4MzE1ZSJ9\" href='https:\/\/www.michelehaeusle.de\/wp-content\/uploads\/2023\/03\/zirbenstueble-ferienwohnung-familienferien-01.jpg'><img fetchpriority=\"high\" width=\"768\" height=\"512\" src=\"https:\/\/www.michelehaeusle.de\/wp-content\/uploads\/2023\/03\/zirbenstueble-ferienwohnung-familienferien-01-768x512.jpg\" class=\"attachment-medium_large size-medium_large\" alt=\"\" srcset=\"https:\/\/www.michelehaeusle.de\/wp-content\/uploads\/2023\/03\/zirbenstueble-ferienwohnung-familienferien-01-768x512.jpg 768w, https:\/\/www.michelehaeusle.de\/wp-content\/uploads\/2023\/03\/zirbenstueble-ferienwohnung-familienferien-01-300x200.jpg 300w, https:\/\/www.michelehaeusle.de\/wp-content\/uploads\/2023\/03\/zirbenstueble-ferienwohnung-familienferien-01-1024x683.jpg 1024w, https:\/\/www.michelehaeusle.de\/wp-content\/uploads\/2023\/03\/zirbenstueble-ferienwohnung-familienferien-01-1536x1024.jpg 1536w, https:\/\/www.michelehaeusle.de\/wp-content\/uploads\/2023\/03\/zirbenstueble-ferienwohnung-familienferien-01-2048x1365.jpg 2048w, https:\/\/www.michelehaeusle.de\/wp-content\/uploads\/2023\/03\/zirbenstueble-ferienwohnung-familienferien-01-18x12.jpg 18w\" sizes=\"(max-width: 768px) 100vw, 768px\" \/><\/a>\n\t\t\t<\/div><\/figure><figure class='gallery-item'>\n\t\t\t<div class='gallery-icon landscape'>\n\t\t\t\t<a data-elementor-open-lightbox=\"yes\" data-elementor-lightbox-slideshow=\"1978315e\" data-elementor-lightbox-title=\"zirbenstueble-ferienwohnung-familienferien-03\" data-e-action-hash=\"#elementor-action%3Aaction%3Dlightbox%26settings%3DeyJpZCI6MTkxMCwidXJsIjoiaHR0cHM6XC9cL3d3dy5taWNoZWxlaGFldXNsZS5kZVwvd3AtY29udGVudFwvdXBsb2Fkc1wvMjAyM1wvMDNcL3ppcmJlbnN0dWVibGUtZmVyaWVud29obnVuZy1mYW1pbGllbmZlcmllbi0wMy5qcGciLCJzbGlkZXNob3ciOiIxOTc4MzE1ZSJ9\" href='https:\/\/www.michelehaeusle.de\/wp-content\/uploads\/2023\/03\/zirbenstueble-ferienwohnung-familienferien-03.jpg'><img width=\"768\" height=\"512\" src=\"https:\/\/www.michelehaeusle.de\/wp-content\/uploads\/2023\/03\/zirbenstueble-ferienwohnung-familienferien-03-768x512.jpg\" class=\"attachment-medium_large size-medium_large\" alt=\"\" srcset=\"https:\/\/www.michelehaeusle.de\/wp-content\/uploads\/2023\/03\/zirbenstueble-ferienwohnung-familienferien-03-768x512.jpg 768w, https:\/\/www.michelehaeusle.de\/wp-content\/uploads\/2023\/03\/zirbenstueble-ferienwohnung-familienferien-03-300x200.jpg 300w, https:\/\/www.michelehaeusle.de\/wp-content\/uploads\/2023\/03\/zirbenstueble-ferienwohnung-familienferien-03-1024x683.jpg 1024w, https:\/\/www.michelehaeusle.de\/wp-content\/uploads\/2023\/03\/zirbenstueble-ferienwohnung-familienferien-03-1536x1024.jpg 1536w, https:\/\/www.michelehaeusle.de\/wp-content\/uploads\/2023\/03\/zirbenstueble-ferienwohnung-familienferien-03-2048x1365.jpg 2048w, https:\/\/www.michelehaeusle.de\/wp-content\/uploads\/2023\/03\/zirbenstueble-ferienwohnung-familienferien-03-18x12.jpg 18w\" sizes=\"(max-width: 768px) 100vw, 768px\" \/><\/a>\n\t\t\t<\/div><\/figure><figure class='gallery-item'>\n\t\t\t<div class='gallery-icon landscape'>\n\t\t\t\t<a data-elementor-open-lightbox=\"yes\" data-elementor-lightbox-slideshow=\"1978315e\" data-elementor-lightbox-title=\"zirbenstueble-ferienwohnung-familienferien-06\" data-e-action-hash=\"#elementor-action%3Aaction%3Dlightbox%26settings%3DeyJpZCI6MTkxNCwidXJsIjoiaHR0cHM6XC9cL3d3dy5taWNoZWxlaGFldXNsZS5kZVwvd3AtY29udGVudFwvdXBsb2Fkc1wvMjAyM1wvMDNcL3ppcmJlbnN0dWVibGUtZmVyaWVud29obnVuZy1mYW1pbGllbmZlcmllbi0wNi5qcGciLCJzbGlkZXNob3ciOiIxOTc4MzE1ZSJ9\" href='https:\/\/www.michelehaeusle.de\/wp-content\/uploads\/2023\/03\/zirbenstueble-ferienwohnung-familienferien-06.jpg'><img width=\"768\" height=\"512\" src=\"https:\/\/www.michelehaeusle.de\/wp-content\/uploads\/2023\/03\/zirbenstueble-ferienwohnung-familienferien-06-768x512.jpg\" class=\"attachment-medium_large size-medium_large\" alt=\"\" srcset=\"https:\/\/www.michelehaeusle.de\/wp-content\/uploads\/2023\/03\/zirbenstueble-ferienwohnung-familienferien-06-768x512.jpg 768w, https:\/\/www.michelehaeusle.de\/wp-content\/uploads\/2023\/03\/zirbenstueble-ferienwohnung-familienferien-06-300x200.jpg 300w, https:\/\/www.michelehaeusle.de\/wp-content\/uploads\/2023\/03\/zirbenstueble-ferienwohnung-familienferien-06-1024x683.jpg 1024w, https:\/\/www.michelehaeusle.de\/wp-content\/uploads\/2023\/03\/zirbenstueble-ferienwohnung-familienferien-06-1536x1024.jpg 1536w, https:\/\/www.michelehaeusle.de\/wp-content\/uploads\/2023\/03\/zirbenstueble-ferienwohnung-familienferien-06-2048x1365.jpg 2048w, https:\/\/www.michelehaeusle.de\/wp-content\/uploads\/2023\/03\/zirbenstueble-ferienwohnung-familienferien-06-18x12.jpg 18w\" sizes=\"(max-width: 768px) 100vw, 768px\" \/><\/a>\n\t\t\t<\/div><\/figure><figure class='gallery-item'>\n\t\t\t<div class='gallery-icon landscape'>\n\t\t\t\t<a data-elementor-open-lightbox=\"yes\" data-elementor-lightbox-slideshow=\"1978315e\" data-elementor-lightbox-title=\"zirbenstueble-ferienwohnung-familienferien-05\" data-e-action-hash=\"#elementor-action%3Aaction%3Dlightbox%26settings%3DeyJpZCI6MTkwOCwidXJsIjoiaHR0cHM6XC9cL3d3dy5taWNoZWxlaGFldXNsZS5kZVwvd3AtY29udGVudFwvdXBsb2Fkc1wvMjAyM1wvMDNcL3ppcmJlbnN0dWVibGUtZmVyaWVud29obnVuZy1mYW1pbGllbmZlcmllbi0wNS5qcGciLCJzbGlkZXNob3ciOiIxOTc4MzE1ZSJ9\" href='https:\/\/www.michelehaeusle.de\/wp-content\/uploads\/2023\/03\/zirbenstueble-ferienwohnung-familienferien-05.jpg'><img loading=\"lazy\" width=\"768\" height=\"512\" src=\"https:\/\/www.michelehaeusle.de\/wp-content\/uploads\/2023\/03\/zirbenstueble-ferienwohnung-familienferien-05-768x512.jpg\" class=\"attachment-medium_large size-medium_large\" alt=\"\" srcset=\"https:\/\/www.michelehaeusle.de\/wp-content\/uploads\/2023\/03\/zirbenstueble-ferienwohnung-familienferien-05-768x512.jpg 768w, https:\/\/www.michelehaeusle.de\/wp-content\/uploads\/2023\/03\/zirbenstueble-ferienwohnung-familienferien-05-300x200.jpg 300w, https:\/\/www.michelehaeusle.de\/wp-content\/uploads\/2023\/03\/zirbenstueble-ferienwohnung-familienferien-05-1024x683.jpg 1024w, https:\/\/www.michelehaeusle.de\/wp-content\/uploads\/2023\/03\/zirbenstueble-ferienwohnung-familienferien-05-1536x1024.jpg 1536w, https:\/\/www.michelehaeusle.de\/wp-content\/uploads\/2023\/03\/zirbenstueble-ferienwohnung-familienferien-05-2048x1365.jpg 2048w, https:\/\/www.michelehaeusle.de\/wp-content\/uploads\/2023\/03\/zirbenstueble-ferienwohnung-familienferien-05-18x12.jpg 18w\" sizes=\"(max-width: 768px) 100vw, 768px\" \/><\/a>\n\t\t\t<\/div><\/figure><figure class='gallery-item'>\n\t\t\t<div class='gallery-icon landscape'>\n\t\t\t\t<a data-elementor-open-lightbox=\"yes\" data-elementor-lightbox-slideshow=\"1978315e\" data-elementor-lightbox-title=\"zirbenstueble-ferienwohnung-familienferien-04\" data-e-action-hash=\"#elementor-action%3Aaction%3Dlightbox%26settings%3DeyJpZCI6MTkwNywidXJsIjoiaHR0cHM6XC9cL3d3dy5taWNoZWxlaGFldXNsZS5kZVwvd3AtY29udGVudFwvdXBsb2Fkc1wvMjAyM1wvMDNcL3ppcmJlbnN0dWVibGUtZmVyaWVud29obnVuZy1mYW1pbGllbmZlcmllbi0wNC5qcGciLCJzbGlkZXNob3ciOiIxOTc4MzE1ZSJ9\" href='https:\/\/www.michelehaeusle.de\/wp-content\/uploads\/2023\/03\/zirbenstueble-ferienwohnung-familienferien-04.jpg'><img loading=\"lazy\" width=\"768\" height=\"512\" src=\"https:\/\/www.michelehaeusle.de\/wp-content\/uploads\/2023\/03\/zirbenstueble-ferienwohnung-familienferien-04-768x512.jpg\" class=\"attachment-medium_large size-medium_large\" alt=\"\" srcset=\"https:\/\/www.michelehaeusle.de\/wp-content\/uploads\/2023\/03\/zirbenstueble-ferienwohnung-familienferien-04-768x512.jpg 768w, https:\/\/www.michelehaeusle.de\/wp-content\/uploads\/2023\/03\/zirbenstueble-ferienwohnung-familienferien-04-300x200.jpg 300w, https:\/\/www.michelehaeusle.de\/wp-content\/uploads\/2023\/03\/zirbenstueble-ferienwohnung-familienferien-04-1024x683.jpg 1024w, https:\/\/www.michelehaeusle.de\/wp-content\/uploads\/2023\/03\/zirbenstueble-ferienwohnung-familienferien-04-1536x1024.jpg 1536w, https:\/\/www.michelehaeusle.de\/wp-content\/uploads\/2023\/03\/zirbenstueble-ferienwohnung-familienferien-04-2048x1365.jpg 2048w, https:\/\/www.michelehaeusle.de\/wp-content\/uploads\/2023\/03\/zirbenstueble-ferienwohnung-familienferien-04-18x12.jpg 18w\" sizes=\"(max-width: 768px) 100vw, 768px\" \/><\/a>\n\t\t\t<\/div><\/figure><figure class='gallery-item'>\n\t\t\t<div class='gallery-icon landscape'>\n\t\t\t\t<a data-elementor-open-lightbox=\"yes\" data-elementor-lightbox-slideshow=\"1978315e\" data-elementor-lightbox-title=\"zirbenstueble-ferienwohnung-familienferien-07\" data-e-action-hash=\"#elementor-action%3Aaction%3Dlightbox%26settings%3DeyJpZCI6MTkxNSwidXJsIjoiaHR0cHM6XC9cL3d3dy5taWNoZWxlaGFldXNsZS5kZVwvd3AtY29udGVudFwvdXBsb2Fkc1wvMjAyM1wvMDNcL3ppcmJlbnN0dWVibGUtZmVyaWVud29obnVuZy1mYW1pbGllbmZlcmllbi0wNy5qcGciLCJzbGlkZXNob3ciOiIxOTc4MzE1ZSJ9\" href='https:\/\/www.michelehaeusle.de\/wp-content\/uploads\/2023\/03\/zirbenstueble-ferienwohnung-familienferien-07.jpg'><img loading=\"lazy\" width=\"768\" height=\"512\" src=\"https:\/\/www.michelehaeusle.de\/wp-content\/uploads\/2023\/03\/zirbenstueble-ferienwohnung-familienferien-07-768x512.jpg\" class=\"attachment-medium_large size-medium_large\" alt=\"\" srcset=\"https:\/\/www.michelehaeusle.de\/wp-content\/uploads\/2023\/03\/zirbenstueble-ferienwohnung-familienferien-07-768x512.jpg 768w, https:\/\/www.michelehaeusle.de\/wp-content\/uploads\/2023\/03\/zirbenstueble-ferienwohnung-familienferien-07-300x200.jpg 300w, https:\/\/www.michelehaeusle.de\/wp-content\/uploads\/2023\/03\/zirbenstueble-ferienwohnung-familienferien-07-1024x683.jpg 1024w, https:\/\/www.michelehaeusle.de\/wp-content\/uploads\/2023\/03\/zirbenstueble-ferienwohnung-familienferien-07-1536x1024.jpg 1536w, https:\/\/www.michelehaeusle.de\/wp-content\/uploads\/2023\/03\/zirbenstueble-ferienwohnung-familienferien-07-2048x1365.jpg 2048w, https:\/\/www.michelehaeusle.de\/wp-content\/uploads\/2023\/03\/zirbenstueble-ferienwohnung-familienferien-07-18x12.jpg 18w\" sizes=\"(max-width: 768px) 100vw, 768px\" \/><\/a>\n\t\t\t<\/div><\/figure>\n\t\t<\/div>\n\t\t<\/div>\n\t\t\t\t<\/div>\n\t\t\t\t<\/div>\n\t\t\t\t\t<\/div>\n\t\t<\/div>\n\t\t\t\t\t<\/div>\n\t\t<\/section>\n\t\t\t\t<\/div>\n\t\t","protected":false},"excerpt":{"rendered":"<p>FERIENWOHNUNG ZIRBENST\u00dcBLE AUSSTATTUNG Ferienwohnung mit ca. 50 qm 1. Obergeschoss f\u00fcr bis 4 Personen Schlafzimmer mit Doppelbett Kinderzimmer mit Etagenbett K\u00fcche mit Wohn- und Essbereich Couch mit Flachbild-TV im Wohnbereich K\u00fcche mit Sp\u00fclmaschine und Backofen Bad mit Dusche und WC WLAN inklusive<\/p>","protected":false},"author":1,"featured_media":0,"parent":0,"menu_order":0,"comment_status":"closed","ping_status":"closed","template":"","meta":{"ocean_post_layout":"full-screen","ocean_both_sidebars_style":"","ocean_both_sidebars_content_width":0,"ocean_both_sidebars_sidebars_width":0,"ocean_sidebar":"0","ocean_second_sidebar":"0","ocean_disable_margins":"on","ocean_add_body_class":"","ocean_shortcode_before_top_bar":"","ocean_shortcode_after_top_bar":"","ocean_shortcode_before_header":"","ocean_shortcode_after_header":"","ocean_has_shortcode":"","ocean_shortcode_after_title":"","ocean_shortcode_before_footer_widgets":"","ocean_shortcode_after_footer_widgets":"","ocean_shortcode_before_footer_bottom":"","ocean_shortcode_after_footer_bottom":"","ocean_display_top_bar":"default","ocean_display_header":"default","ocean_header_style":"","ocean_center_header_left_menu":"0","ocean_custom_header_template":"0","ocean_custom_logo":0,"ocean_custom_retina_logo":0,"ocean_custom_logo_max_width":0,"ocean_custom_logo_tablet_max_width":0,"ocean_custom_logo_mobile_max_width":0,"ocean_custom_logo_max_height":0,"ocean_custom_logo_tablet_max_height":0,"ocean_custom_logo_mobile_max_height":0,"ocean_header_custom_menu":"0","ocean_menu_typo_font_family":"0","ocean_menu_typo_font_subset":"","ocean_menu_typo_font_size":0,"ocean_menu_typo_font_size_tablet":0,"ocean_menu_typo_font_size_mobile":0,"ocean_menu_typo_font_size_unit":"px","ocean_menu_typo_font_weight":"","ocean_menu_typo_font_weight_tablet":"","ocean_menu_typo_font_weight_mobile":"","ocean_menu_typo_transform":"","ocean_menu_typo_transform_tablet":"","ocean_menu_typo_transform_mobile":"","ocean_menu_typo_line_height":0,"ocean_menu_typo_line_height_tablet":0,"ocean_menu_typo_line_height_mobile":0,"ocean_menu_typo_line_height_unit":"","ocean_menu_typo_spacing":0,"ocean_menu_typo_spacing_tablet":0,"ocean_menu_typo_spacing_mobile":0,"ocean_menu_typo_spacing_unit":"","ocean_menu_link_color":"","ocean_menu_link_color_hover":"","ocean_menu_link_color_active":"","ocean_menu_link_background":"","ocean_menu_link_hover_background":"","ocean_menu_link_active_background":"","ocean_menu_social_links_bg":"","ocean_menu_social_hover_links_bg":"","ocean_menu_social_links_color":"","ocean_menu_social_hover_links_color":"","ocean_disable_title":"on","ocean_disable_heading":"default","ocean_post_title":"","ocean_post_subheading":"","ocean_post_title_style":"","ocean_post_title_background_color":"","ocean_post_title_background":0,"ocean_post_title_bg_image_position":"","ocean_post_title_bg_image_attachment":"","ocean_post_title_bg_image_repeat":"","ocean_post_title_bg_image_size":"","ocean_post_title_height":0,"ocean_post_title_bg_overlay":0.5,"ocean_post_title_bg_overlay_color":"","ocean_disable_breadcrumbs":"default","ocean_breadcrumbs_color":"","ocean_breadcrumbs_separator_color":"","ocean_breadcrumbs_links_color":"","ocean_breadcrumbs_links_hover_color":"","ocean_display_footer_widgets":"default","ocean_display_footer_bottom":"default","ocean_custom_footer_template":"0"},"_links":{"self":[{"href":"https:\/\/www.michelehaeusle.de\/en\/wp-json\/wp\/v2\/pages\/911"}],"collection":[{"href":"https:\/\/www.michelehaeusle.de\/en\/wp-json\/wp\/v2\/pages"}],"about":[{"href":"https:\/\/www.michelehaeusle.de\/en\/wp-json\/wp\/v2\/types\/page"}],"author":[{"embeddable":true,"href":"https:\/\/www.michelehaeusle.de\/en\/wp-json\/wp\/v2\/users\/1"}],"replies":[{"embeddable":true,"href":"https:\/\/www.michelehaeusle.de\/en\/wp-json\/wp\/v2\/comments?post=911"}],"version-history":[{"count":24,"href":"https:\/\/www.michelehaeusle.de\/en\/wp-json\/wp\/v2\/pages\/911\/revisions"}],"predecessor-version":[{"id":1923,"href":"https:\/\/www.michelehaeusle.de\/en\/wp-json\/wp\/v2\/pages\/911\/revisions\/1923"}],"wp:attachment":[{"href":"https:\/\/www.michelehaeusle.de\/en\/wp-json\/wp\/v2\/media?parent=911"}],"curies":[{"name":"wp","href":"https:\/\/api.w.org\/{rel}","templated":true}]}}