{"id":1593,"date":"2021-11-06T10:29:36","date_gmt":"2021-11-06T10:29:36","guid":{"rendered":"http:\/\/www.michelehaeusle.de\/?page_id=1593"},"modified":"2026-03-28T17:47:40","modified_gmt":"2026-03-28T17:47:40","slug":"elementor-1593","status":"publish","type":"page","link":"https:\/\/www.michelehaeusle.de\/en\/elementor-1593\/","title":{"rendered":"Updates"},"content":{"rendered":"<div data-elementor-type=\"wp-page\" data-elementor-id=\"1593\" class=\"elementor elementor-1593\">\n\t\t\t\t\t\t<section class=\"elementor-section elementor-top-section elementor-element elementor-element-4b8344a0 elementor-section-boxed elementor-section-height-default elementor-section-height-default\" data-id=\"4b8344a0\" data-element_type=\"section\" data-settings=\"{&quot;background_background&quot;:&quot;classic&quot;}\">\n\t\t\t\t\t\t\t<div class=\"elementor-background-overlay\"><\/div>\n\t\t\t\t\t\t\t<div class=\"elementor-container elementor-column-gap-default\">\n\t\t\t\t\t<div class=\"elementor-column elementor-col-50 elementor-top-column elementor-element elementor-element-49654057\" data-id=\"49654057\" data-element_type=\"column\">\n\t\t\t<div class=\"elementor-widget-wrap\">\n\t\t\t\t\t\t\t<\/div>\n\t\t<\/div>\n\t\t\t\t<div class=\"elementor-column elementor-col-50 elementor-top-column elementor-element elementor-element-256e2969\" data-id=\"256e2969\" data-element_type=\"column\">\n\t\t\t<div class=\"elementor-widget-wrap elementor-element-populated\">\n\t\t\t\t\t\t<div class=\"elementor-element elementor-element-133712bd elementor-widget elementor-widget-heading\" data-id=\"133712bd\" data-element_type=\"widget\" data-widget_type=\"heading.default\">\n\t\t\t\t<div class=\"elementor-widget-container\">\n\t\t\t<h2 class=\"elementor-heading-title elementor-size-default\">News from<br>Micheleh\u00e4usle<\/h2>\t\t<\/div>\n\t\t\t\t<\/div>\n\t\t\t\t\t<\/div>\n\t\t<\/div>\n\t\t\t\t\t<\/div>\n\t\t<\/section>\n\t\t\t\t<section class=\"elementor-section elementor-inner-section elementor-element elementor-element-5a598b01 elementor-section-boxed elementor-section-height-default elementor-section-height-default\" data-id=\"5a598b01\" data-element_type=\"section\">\n\t\t\t\t\t\t<div class=\"elementor-container elementor-column-gap-default\">\n\t\t\t\t\t<div class=\"elementor-column elementor-col-100 elementor-inner-column elementor-element elementor-element-243b21f8\" data-id=\"243b21f8\" data-element_type=\"column\" data-settings=\"{&quot;background_background&quot;:&quot;classic&quot;}\">\n\t\t\t<div class=\"elementor-widget-wrap elementor-element-populated\">\n\t\t\t\t\t\t<div class=\"elementor-element elementor-element-15f9aa58 elementor-invisible elementor-widget elementor-widget-heading\" data-id=\"15f9aa58\" data-element_type=\"widget\" data-settings=\"{&quot;_animation&quot;:&quot;fadeInUp&quot;}\" data-widget_type=\"heading.default\">\n\t\t\t\t<div class=\"elementor-widget-container\">\n\t\t\t<h2 class=\"elementor-heading-title elementor-size-default\"><br>Udates<\/h2>\t\t<\/div>\n\t\t\t\t<\/div>\n\t\t\t\t<div class=\"elementor-element elementor-element-6571750a elementor-widget-divider--view-line elementor-invisible elementor-widget elementor-widget-divider\" data-id=\"6571750a\" data-element_type=\"widget\" data-settings=\"{&quot;_animation&quot;:&quot;fadeInUp&quot;}\" data-widget_type=\"divider.default\">\n\t\t\t\t<div class=\"elementor-widget-container\">\n\t\t\t\t\t<div class=\"elementor-divider\">\n\t\t\t<span class=\"elementor-divider-separator\">\n\t\t\t\t\t\t<\/span>\n\t\t<\/div>\n\t\t\t\t<\/div>\n\t\t\t\t<\/div>\n\t\t\t\t<div class=\"elementor-element elementor-element-2b165e7 elementor-widget elementor-widget-image\" data-id=\"2b165e7\" data-element_type=\"widget\" data-widget_type=\"image.default\">\n\t\t\t\t<div class=\"elementor-widget-container\">\n\t\t\t\t\t\t\t\t\t\t\t\t\t<img fetchpriority=\"high\" width=\"1024\" height=\"768\" src=\"https:\/\/www.michelehaeusle.de\/wp-content\/uploads\/2026\/03\/IMG_2178-1024x768.jpeg\" class=\"attachment-large size-large wp-image-2047\" alt=\"\" srcset=\"https:\/\/www.michelehaeusle.de\/wp-content\/uploads\/2026\/03\/IMG_2178-1024x768.jpeg 1024w, https:\/\/www.michelehaeusle.de\/wp-content\/uploads\/2026\/03\/IMG_2178-300x225.jpeg 300w, https:\/\/www.michelehaeusle.de\/wp-content\/uploads\/2026\/03\/IMG_2178-768x576.jpeg 768w, https:\/\/www.michelehaeusle.de\/wp-content\/uploads\/2026\/03\/IMG_2178-1536x1152.jpeg 1536w, https:\/\/www.michelehaeusle.de\/wp-content\/uploads\/2026\/03\/IMG_2178-2048x1536.jpeg 2048w, https:\/\/www.michelehaeusle.de\/wp-content\/uploads\/2026\/03\/IMG_2178-16x12.jpeg 16w\" sizes=\"(max-width: 1024px) 100vw, 1024px\" \/>\t\t\t\t\t\t\t\t\t\t\t\t\t<\/div>\n\t\t\t\t<\/div>\n\t\t\t\t<div class=\"elementor-element elementor-element-ba366f0 elementor-widget elementor-widget-image-box\" data-id=\"ba366f0\" data-element_type=\"widget\" data-widget_type=\"image-box.default\">\n\t\t\t\t<div class=\"elementor-widget-container\">\n\t\t\t<div class=\"elementor-image-box-wrapper\"><div class=\"elementor-image-box-content\"><h3 class=\"elementor-image-box-title\">Rutschenberg<\/h3><p class=\"elementor-image-box-description\">Unser gro\u00dfer Rutschenh\u00fcgel wurde saniert und steht nun auch abends beleuchtet zur Verf\u00fcgung.<\/p><\/div><\/div>\t\t<\/div>\n\t\t\t\t<\/div>\n\t\t\t\t<div class=\"elementor-element elementor-element-18ff59c elementor-widget-divider--view-line elementor-invisible elementor-widget elementor-widget-divider\" data-id=\"18ff59c\" data-element_type=\"widget\" data-settings=\"{&quot;_animation&quot;:&quot;fadeInUp&quot;}\" data-widget_type=\"divider.default\">\n\t\t\t\t<div class=\"elementor-widget-container\">\n\t\t\t\t\t<div class=\"elementor-divider\">\n\t\t\t<span class=\"elementor-divider-separator\">\n\t\t\t\t\t\t<\/span>\n\t\t<\/div>\n\t\t\t\t<\/div>\n\t\t\t\t<\/div>\n\t\t\t\t<div class=\"elementor-element elementor-element-f99e5e7 elementor-widget elementor-widget-spacer\" data-id=\"f99e5e7\" data-element_type=\"widget\" data-widget_type=\"spacer.default\">\n\t\t\t\t<div class=\"elementor-widget-container\">\n\t\t\t\t\t<div class=\"elementor-spacer\">\n\t\t\t<div class=\"elementor-spacer-inner\"><\/div>\n\t\t<\/div>\n\t\t\t\t<\/div>\n\t\t\t\t<\/div>\n\t\t\t\t<div class=\"elementor-element elementor-element-4f8d758 elementor-widget elementor-widget-image\" data-id=\"4f8d758\" data-element_type=\"widget\" data-widget_type=\"image.default\">\n\t\t\t\t<div class=\"elementor-widget-container\">\n\t\t\t\t\t\t\t\t\t\t\t\t\t<img width=\"1024\" height=\"768\" src=\"https:\/\/www.michelehaeusle.de\/wp-content\/uploads\/2021\/11\/Schaukel-1024x768.jpg\" class=\"attachment-large size-large wp-image-1623\" alt=\"Schaukel\" srcset=\"https:\/\/www.michelehaeusle.de\/wp-content\/uploads\/2021\/11\/Schaukel-1024x768.jpg 1024w, https:\/\/www.michelehaeusle.de\/wp-content\/uploads\/2021\/11\/Schaukel-300x225.jpg 300w, https:\/\/www.michelehaeusle.de\/wp-content\/uploads\/2021\/11\/Schaukel-768x576.jpg 768w, https:\/\/www.michelehaeusle.de\/wp-content\/uploads\/2021\/11\/Schaukel-1536x1152.jpg 1536w, https:\/\/www.michelehaeusle.de\/wp-content\/uploads\/2021\/11\/Schaukel-2048x1536.jpg 2048w, https:\/\/www.michelehaeusle.de\/wp-content\/uploads\/2021\/11\/Schaukel-16x12.jpg 16w\" sizes=\"(max-width: 1024px) 100vw, 1024px\" \/>\t\t\t\t\t\t\t\t\t\t\t\t\t<\/div>\n\t\t\t\t<\/div>\n\t\t\t\t<div class=\"elementor-element elementor-element-d989aa7 elementor-widget elementor-widget-image-box\" data-id=\"d989aa7\" data-element_type=\"widget\" data-widget_type=\"image-box.default\">\n\t\t\t\t<div class=\"elementor-widget-container\">\n\t\t\t<div class=\"elementor-image-box-wrapper\"><div class=\"elementor-image-box-content\"><h3 class=\"elementor-image-box-title\">PLAYGROUND<\/h3><p class=\"elementor-image-box-description\">News for swinging and hanging out in a panoramic location.<\/p><\/div><\/div>\t\t<\/div>\n\t\t\t\t<\/div>\n\t\t\t\t<div class=\"elementor-element elementor-element-c30234b elementor-widget-divider--view-line elementor-invisible elementor-widget elementor-widget-divider\" data-id=\"c30234b\" data-element_type=\"widget\" data-settings=\"{&quot;_animation&quot;:&quot;fadeInUp&quot;}\" data-widget_type=\"divider.default\">\n\t\t\t\t<div class=\"elementor-widget-container\">\n\t\t\t\t\t<div class=\"elementor-divider\">\n\t\t\t<span class=\"elementor-divider-separator\">\n\t\t\t\t\t\t<\/span>\n\t\t<\/div>\n\t\t\t\t<\/div>\n\t\t\t\t<\/div>\n\t\t\t\t<div class=\"elementor-element elementor-element-2e8e118 elementor-widget elementor-widget-spacer\" data-id=\"2e8e118\" data-element_type=\"widget\" data-widget_type=\"spacer.default\">\n\t\t\t\t<div class=\"elementor-widget-container\">\n\t\t\t\t\t<div class=\"elementor-spacer\">\n\t\t\t<div class=\"elementor-spacer-inner\"><\/div>\n\t\t<\/div>\n\t\t\t\t<\/div>\n\t\t\t\t<\/div>\n\t\t\t\t<div class=\"elementor-element elementor-element-e487dc9 elementor-widget elementor-widget-image\" data-id=\"e487dc9\" data-element_type=\"widget\" data-widget_type=\"image.default\">\n\t\t\t\t<div class=\"elementor-widget-container\">\n\t\t\t\t\t\t\t\t\t\t\t\t\t<img width=\"768\" height=\"1024\" src=\"https:\/\/www.michelehaeusle.de\/wp-content\/uploads\/2021\/11\/Ladestation-768x1024.jpg\" class=\"attachment-large size-large wp-image-1621\" alt=\"\" srcset=\"https:\/\/www.michelehaeusle.de\/wp-content\/uploads\/2021\/11\/Ladestation-768x1024.jpg 768w, https:\/\/www.michelehaeusle.de\/wp-content\/uploads\/2021\/11\/Ladestation-225x300.jpg 225w, https:\/\/www.michelehaeusle.de\/wp-content\/uploads\/2021\/11\/Ladestation-1152x1536.jpg 1152w, https:\/\/www.michelehaeusle.de\/wp-content\/uploads\/2021\/11\/Ladestation-1536x2048.jpg 1536w, https:\/\/www.michelehaeusle.de\/wp-content\/uploads\/2021\/11\/Ladestation-9x12.jpg 9w, https:\/\/www.michelehaeusle.de\/wp-content\/uploads\/2021\/11\/Ladestation-scaled.jpg 1920w\" sizes=\"(max-width: 768px) 100vw, 768px\" \/>\t\t\t\t\t\t\t\t\t\t\t\t\t<\/div>\n\t\t\t\t<\/div>\n\t\t\t\t<div class=\"elementor-element elementor-element-f6e7e06 elementor-widget elementor-widget-image-box\" data-id=\"f6e7e06\" data-element_type=\"widget\" data-widget_type=\"image-box.default\">\n\t\t\t\t<div class=\"elementor-widget-container\">\n\t\t\t<div class=\"elementor-image-box-wrapper\"><div class=\"elementor-image-box-content\"><h3 class=\"elementor-image-box-title\">CHARGING STATION<\/h3><p class=\"elementor-image-box-description\">With us you can not only charge your own batteries, but also those of your e-car.<\/p><\/div><\/div>\t\t<\/div>\n\t\t\t\t<\/div>\n\t\t\t\t<div class=\"elementor-element elementor-element-6325c67 elementor-widget-divider--view-line elementor-invisible elementor-widget elementor-widget-divider\" data-id=\"6325c67\" data-element_type=\"widget\" data-settings=\"{&quot;_animation&quot;:&quot;fadeInUp&quot;}\" data-widget_type=\"divider.default\">\n\t\t\t\t<div class=\"elementor-widget-container\">\n\t\t\t\t\t<div class=\"elementor-divider\">\n\t\t\t<span class=\"elementor-divider-separator\">\n\t\t\t\t\t\t<\/span>\n\t\t<\/div>\n\t\t\t\t<\/div>\n\t\t\t\t<\/div>\n\t\t\t\t\t<\/div>\n\t\t<\/div>\n\t\t\t\t\t<\/div>\n\t\t<\/section>\n\t\t\t\t<section class=\"elementor-section elementor-inner-section elementor-element elementor-element-1b81f1e5 elementor-section-boxed elementor-section-height-default elementor-section-height-default\" data-id=\"1b81f1e5\" data-element_type=\"section\">\n\t\t\t\t\t\t<div class=\"elementor-container elementor-column-gap-default\">\n\t\t\t\t\t<div class=\"elementor-column elementor-col-100 elementor-inner-column elementor-element elementor-element-69f3bc9e\" data-id=\"69f3bc9e\" data-element_type=\"column\" data-settings=\"{&quot;background_background&quot;:&quot;classic&quot;}\">\n\t\t\t<div class=\"elementor-widget-wrap elementor-element-populated\">\n\t\t\t\t\t\t<div class=\"elementor-element elementor-element-51c86453 elementor-widget elementor-widget-heading\" data-id=\"51c86453\" data-element_type=\"widget\" data-settings=\"{&quot;_animation&quot;:&quot;none&quot;}\" data-widget_type=\"heading.default\">\n\t\t\t\t<div class=\"elementor-widget-container\">\n\t\t\t<h2 class=\"elementor-heading-title elementor-size-default\"><br>WEBCAM<\/h2>\t\t<\/div>\n\t\t\t\t<\/div>\n\t\t\t\t<div class=\"elementor-element elementor-element-5808c65a elementor-widget-divider--view-line elementor-widget elementor-widget-divider\" data-id=\"5808c65a\" data-element_type=\"widget\" data-settings=\"{&quot;_animation&quot;:&quot;none&quot;}\" data-widget_type=\"divider.default\">\n\t\t\t\t<div class=\"elementor-widget-container\">\n\t\t\t\t\t<div class=\"elementor-divider\">\n\t\t\t<span class=\"elementor-divider-separator\">\n\t\t\t\t\t\t<\/span>\n\t\t<\/div>\n\t\t\t\t<\/div>\n\t\t\t\t<\/div>\n\t\t\t\t<div class=\"elementor-element elementor-element-7808563 elementor-widget elementor-widget-image\" data-id=\"7808563\" data-element_type=\"widget\" data-widget_type=\"image.default\">\n\t\t\t\t<div class=\"elementor-widget-container\">\n\t\t\t\t\t\t\t\t\t\t\t\t\t<img src=\"\/wp-content\/uploads\/images\/webcam.jpg\" title=\"\" alt=\"\" loading=\"lazy\" \/>\t\t\t\t\t\t\t\t\t\t\t\t\t<\/div>\n\t\t\t\t<\/div>\n\t\t\t\t\t<\/div>\n\t\t<\/div>\n\t\t\t\t\t<\/div>\n\t\t<\/section>\n\t\t\t\t<section class=\"elementor-section elementor-top-section elementor-element elementor-element-4014a32 elementor-section-boxed elementor-section-height-default elementor-section-height-default\" data-id=\"4014a32\" data-element_type=\"section\">\n\t\t\t\t\t\t<div class=\"elementor-container elementor-column-gap-default\">\n\t\t\t\t\t<div class=\"elementor-column elementor-col-100 elementor-top-column elementor-element elementor-element-b1a3ebb\" data-id=\"b1a3ebb\" data-element_type=\"column\">\n\t\t\t<div class=\"elementor-widget-wrap elementor-element-populated\">\n\t\t\t\t\t\t<div class=\"elementor-element elementor-element-8968e04 elementor-widget elementor-widget-heading\" data-id=\"8968e04\" data-element_type=\"widget\" data-widget_type=\"heading.default\">\n\t\t\t\t<div class=\"elementor-widget-container\">\n\t\t\t<h2 class=\"elementor-heading-title elementor-size-default\">Gib hier deine \u00dcberschrift ein<\/h2>\t\t<\/div>\n\t\t\t\t<\/div>\n\t\t\t\t\t<\/div>\n\t\t<\/div>\n\t\t\t\t\t<\/div>\n\t\t<\/section>\n\t\t\t\t<\/div>","protected":false},"excerpt":{"rendered":"<p>Aktuelles vomMicheleh\u00e4usle AKTUELLES Rutschenberg Unser gro\u00dfer Rutschenh\u00fcgel wurde saniert und steht nun auch abends beleuchtet zur Verf\u00fcgung. SPIELPLATZ Neues zum Schaukeln und Abh\u00e4ngen in aussichtsreicher Lage. LADESTATION Bei uns k\u00f6nnen Sie nicht nur Ihre eigenen Batterien aufladen, sondern auch die Ihres e-Autos. WEBCAM Gib hier deine \u00dcberschrift ein<\/p>","protected":false},"author":2,"featured_media":0,"parent":0,"menu_order":0,"comment_status":"closed","ping_status":"closed","template":"","meta":{"ocean_post_layout":"full-screen","ocean_both_sidebars_style":"","ocean_both_sidebars_content_width":0,"ocean_both_sidebars_sidebars_width":0,"ocean_sidebar":"0","ocean_second_sidebar":"0","ocean_disable_margins":"on","ocean_add_body_class":"","ocean_shortcode_before_top_bar":"","ocean_shortcode_after_top_bar":"","ocean_shortcode_before_header":"","ocean_shortcode_after_header":"","ocean_has_shortcode":"","ocean_shortcode_after_title":"","ocean_shortcode_before_footer_widgets":"","ocean_shortcode_after_footer_widgets":"","ocean_shortcode_before_footer_bottom":"","ocean_shortcode_after_footer_bottom":"","ocean_display_top_bar":"default","ocean_display_header":"default","ocean_header_style":"","ocean_center_header_left_menu":"0","ocean_custom_header_template":"0","ocean_custom_logo":0,"ocean_custom_retina_logo":0,"ocean_custom_logo_max_width":0,"ocean_custom_logo_tablet_max_width":0,"ocean_custom_logo_mobile_max_width":0,"ocean_custom_logo_max_height":0,"ocean_custom_logo_tablet_max_height":0,"ocean_custom_logo_mobile_max_height":0,"ocean_header_custom_menu":"0","ocean_menu_typo_font_family":"0","ocean_menu_typo_font_subset":"","ocean_menu_typo_font_size":0,"ocean_menu_typo_font_size_tablet":0,"ocean_menu_typo_font_size_mobile":0,"ocean_menu_typo_font_size_unit":"px","ocean_menu_typo_font_weight":"","ocean_menu_typo_font_weight_tablet":"","ocean_menu_typo_font_weight_mobile":"","ocean_menu_typo_transform":"","ocean_menu_typo_transform_tablet":"","ocean_menu_typo_transform_mobile":"","ocean_menu_typo_line_height":0,"ocean_menu_typo_line_height_tablet":0,"ocean_menu_typo_line_height_mobile":0,"ocean_menu_typo_line_height_unit":"","ocean_menu_typo_spacing":0,"ocean_menu_typo_spacing_tablet":0,"ocean_menu_typo_spacing_mobile":0,"ocean_menu_typo_spacing_unit":"","ocean_menu_link_color":"","ocean_menu_link_color_hover":"","ocean_menu_link_color_active":"","ocean_menu_link_background":"","ocean_menu_link_hover_background":"","ocean_menu_link_active_background":"","ocean_menu_social_links_bg":"","ocean_menu_social_hover_links_bg":"","ocean_menu_social_links_color":"","ocean_menu_social_hover_links_color":"","ocean_disable_title":"on","ocean_disable_heading":"default","ocean_post_title":"","ocean_post_subheading":"","ocean_post_title_style":"","ocean_post_title_background_color":"","ocean_post_title_background":0,"ocean_post_title_bg_image_position":"","ocean_post_title_bg_image_attachment":"","ocean_post_title_bg_image_repeat":"","ocean_post_title_bg_image_size":"","ocean_post_title_height":0,"ocean_post_title_bg_overlay":0.5,"ocean_post_title_bg_overlay_color":"","ocean_disable_breadcrumbs":"default","ocean_breadcrumbs_color":"","ocean_breadcrumbs_separator_color":"","ocean_breadcrumbs_links_color":"","ocean_breadcrumbs_links_hover_color":"","ocean_display_footer_widgets":"default","ocean_display_footer_bottom":"default","ocean_custom_footer_template":"0"},"_links":{"self":[{"href":"https:\/\/www.michelehaeusle.de\/en\/wp-json\/wp\/v2\/pages\/1593"}],"collection":[{"href":"https:\/\/www.michelehaeusle.de\/en\/wp-json\/wp\/v2\/pages"}],"about":[{"href":"https:\/\/www.michelehaeusle.de\/en\/wp-json\/wp\/v2\/types\/page"}],"author":[{"embeddable":true,"href":"https:\/\/www.michelehaeusle.de\/en\/wp-json\/wp\/v2\/users\/2"}],"replies":[{"embeddable":true,"href":"https:\/\/www.michelehaeusle.de\/en\/wp-json\/wp\/v2\/comments?post=1593"}],"version-history":[{"count":154,"href":"https:\/\/www.michelehaeusle.de\/en\/wp-json\/wp\/v2\/pages\/1593\/revisions"}],"predecessor-version":[{"id":2050,"href":"https:\/\/www.michelehaeusle.de\/en\/wp-json\/wp\/v2\/pages\/1593\/revisions\/2050"}],"wp:attachment":[{"href":"https:\/\/www.michelehaeusle.de\/en\/wp-json\/wp\/v2\/media?parent=1593"}],"curies":[{"name":"wp","href":"https:\/\/api.w.org\/{rel}","templated":true}]}}